{"id":735,"date":"2018-05-25T15:50:56","date_gmt":"2018-05-25T15:50:56","guid":{"rendered":"https:\/\/www.irmel.pt\/?page_id=735"},"modified":"2018-05-25T15:55:57","modified_gmt":"2018-05-25T15:55:57","slug":"politicaprivacidade","status":"publish","type":"page","link":"https:\/\/www.irmel.pt\/fr\/politicaprivacidade\/","title":{"rendered":"(Portugu\u00eas) Pol\u00edtica de Privacidade e Prote\u00e7\u00e3o de Dados e Pol\u00edtica de Cookies"},"content":{"rendered":"<p class=\"qtranxs-available-languages-message qtranxs-available-languages-message-fr\">D\u00e9sol\u00e9, cet article est seulement disponible en <a href=\"https:\/\/www.irmel.pt\/PT\/wp-json\/wp\/v2\/pages\/735\" class=\"qtranxs-available-language-link qtranxs-available-language-link-PT\" title=\"Portugu\u00eas\">Portugais Europ\u00e9en<\/a>.<\/p>","protected":false},"excerpt":{"rendered":"<p>D\u00e9sol\u00e9, cet article est seulement disponible en Portugais Europ\u00e9en.<\/p>\n","protected":false},"author":1,"featured_media":0,"parent":0,"menu_order":0,"comment_status":"closed","ping_status":"closed","template":"","meta":[],"_links":{"self":[{"href":"https:\/\/www.irmel.pt\/fr\/wp-json\/wp\/v2\/pages\/735"}],"collection":[{"href":"https:\/\/www.irmel.pt\/fr\/wp-json\/wp\/v2\/pages"}],"about":[{"href":"https:\/\/www.irmel.pt\/fr\/wp-json\/wp\/v2\/types\/page"}],"author":[{"embeddable":true,"href":"https:\/\/www.irmel.pt\/fr\/wp-json\/wp\/v2\/users\/1"}],"replies":[{"embeddable":true,"href":"https:\/\/www.irmel.pt\/fr\/wp-json\/wp\/v2\/comments?post=735"}],"version-history":[{"count":7,"href":"https:\/\/www.irmel.pt\/fr\/wp-json\/wp\/v2\/pages\/735\/revisions"}],"predecessor-version":[{"id":776,"href":"https:\/\/www.irmel.pt\/fr\/wp-json\/wp\/v2\/pages\/735\/revisions\/776"}],"wp:attachment":[{"href":"https:\/\/www.irmel.pt\/fr\/wp-json\/wp\/v2\/media?parent=735"}],"curies":[{"name":"wp","href":"https:\/\/api.w.org\/{rel}","templated":true}]}}