{"id":7,"date":"2012-05-23T15:54:36","date_gmt":"2012-05-23T15:54:36","guid":{"rendered":"http:\/\/irmel.pt\/site\/?page_id=7"},"modified":"2015-04-29T17:14:49","modified_gmt":"2015-04-29T17:14:49","slug":"empresa","status":"publish","type":"page","link":"https:\/\/www.irmel.pt\/fr\/empresa\/","title":{"rendered":"La Soci\u00e9t\u00e9"},"content":{"rendered":"<p><\/p>\n<p style=\"text-align: justify;\">La soci\u00e9t\u00e9 Irm\u00e3os Melo,Lda.,a \u00e9t\u00e9 fond\u00e9e en 1966.Est une soci\u00e9t\u00e9 sp\u00e9cialis\u00e9e dans la fabrication de moules pour l\u00b4injection des plastiques de grandes exigences techniques pour les diff\u00e9rents secteurs \u00e9conomiques.<\/p>\n<p style=\"text-align: justify;\">Au cours des derni\u00e8rs ann\u00e9es la soci\u00e9t\u00e9 a d\u00e9velopp\u00e9 des comp\u00e9tences techniques de mise a jour et le suivi des progr\u00e8s de l\u00b4industrie investir dans de nouvelles technologies avec les moyens d\u00b4am\u00e9liorer et de simplifier la solution et le d\u00e9veloppement de chaque moule.<\/p>\n<div><div class=\"slider-wrapper theme-default\"><div class=\"ribbon\"><\/div><div class=\"nivoSlider\" id=\"slider-3\"><img class=\"\" src=\"https:\/\/www.irmel.pt\/wp-content\/uploads\/2012\/12\/injection-mold-980x330.jpg\"  data-thumb=\"https:\/\/www.irmel.pt\/wp-content\/uploads\/2012\/12\/injection-mold-980x330.jpg\" \/><img class=\"\" src=\"https:\/\/www.irmel.pt\/wp-content\/uploads\/2012\/12\/istock-980x330.jpg\"  data-thumb=\"https:\/\/www.irmel.pt\/wp-content\/uploads\/2012\/12\/istock-980x330.jpg\"  style=\"display:none\" \/><img class=\"\" src=\"https:\/\/www.irmel.pt\/wp-content\/uploads\/2012\/12\/mill-980x330.jpg\"  data-thumb=\"https:\/\/www.irmel.pt\/wp-content\/uploads\/2012\/12\/mill-980x330.jpg\"  style=\"display:none\" \/><\/div><\/div><\/div>\n<p style=\"text-align: justify;\">La raison de l\u00b4existence de la soci\u00e9t\u00e9 Irm\u00e3os Melo,Lda.,est de r\u00e9pondre efficacement aux besoins et articles de nos clients afin de devenir un fournisseur de refference.<\/p>\n<p style=\"text-align: justify;\">Plus qu\u00b4un fournisseur,nous visons \u00e1 \u00eatre un partenaire \u00e0 tous nos clients.<\/p>\n<p><\/p>","protected":false},"excerpt":{"rendered":"<p>La soci\u00e9t\u00e9 Irm\u00e3os Melo,Lda.,a \u00e9t\u00e9 fond\u00e9e en 1966.Est une soci\u00e9t\u00e9 sp\u00e9cialis\u00e9e dans la fabrication de moules pour l\u00b4injection des plastiques de grandes exigences techniques pour les diff\u00e9rents secteurs \u00e9conomiques. Au cours des derni\u00e8rs ann\u00e9es la soci\u00e9t\u00e9 a d\u00e9velopp\u00e9 des comp\u00e9tences techniques de mise a jour et le suivi des progr\u00e8s de l\u00b4industrie investir dans de [&hellip;]<\/p>\n","protected":false},"author":1,"featured_media":0,"parent":0,"menu_order":1,"comment_status":"closed","ping_status":"closed","template":"","meta":[],"_links":{"self":[{"href":"https:\/\/www.irmel.pt\/fr\/wp-json\/wp\/v2\/pages\/7"}],"collection":[{"href":"https:\/\/www.irmel.pt\/fr\/wp-json\/wp\/v2\/pages"}],"about":[{"href":"https:\/\/www.irmel.pt\/fr\/wp-json\/wp\/v2\/types\/page"}],"author":[{"embeddable":true,"href":"https:\/\/www.irmel.pt\/fr\/wp-json\/wp\/v2\/users\/1"}],"replies":[{"embeddable":true,"href":"https:\/\/www.irmel.pt\/fr\/wp-json\/wp\/v2\/comments?post=7"}],"version-history":[{"count":57,"href":"https:\/\/www.irmel.pt\/fr\/wp-json\/wp\/v2\/pages\/7\/revisions"}],"predecessor-version":[{"id":407,"href":"https:\/\/www.irmel.pt\/fr\/wp-json\/wp\/v2\/pages\/7\/revisions\/407"}],"wp:attachment":[{"href":"https:\/\/www.irmel.pt\/fr\/wp-json\/wp\/v2\/media?parent=7"}],"curies":[{"name":"wp","href":"https:\/\/api.w.org\/{rel}","templated":true}]}}