{"id":597,"date":"2016-03-01T18:33:13","date_gmt":"2016-03-01T18:33:13","guid":{"rendered":"http:\/\/www.irmel.pt\/?page_id=597"},"modified":"2025-10-28T16:01:37","modified_gmt":"2025-10-28T16:01:37","slug":"certificacoes","status":"publish","type":"page","link":"https:\/\/www.irmel.pt\/fr\/certificacoes\/","title":{"rendered":"Certificat"},"content":{"rendered":"\n\n\t<p>A Irm\u00e3os Melo, Lda. encontra-se certificada pela SGS, de acordo com a Norma NP EN ISO 9001:2015 no \u00e2mbito (Conce\u00e7\u00e3o e Fabrico de Moldes para Inje\u00e7\u00e3o de Termopl\u00e1sticos), o que reflete a preocupa\u00e7\u00e3o da empresa em garantir que os processos inerentes \u00e0 sua atividade contribuam para a obten\u00e7\u00e3o de produtos finais de alta qualidade e uma maior satisfa\u00e7\u00e3o dos nossos clientes.<\/p>\n<table border=\"0px\" align=\"center\">\n<tbody>\n<tr>\n<td><a href=\"https:\/\/www.irmel.pt\/wp-content\/uploads\/2025\/10\/ISO9001.pdf\" target=\"_blank\" rel=\"noopener noreferrer\"><img loading=\"lazy\" src=\"https:\/\/www.irmel.pt\/wp-content\/uploads\/2018\/11\/iso9001_SGS_texto.jpg\" alt=\"\" width=\"500\" height=\"246\" \/><\/a><\/td>\n\n<\/tr>\n<tr>\n<td align=\"center\"><\/td>\n\n<\/tr>\n<\/tbody>\n<\/table>\n<h5><strong>Pol\u00edtica da Qualidade<\/strong><\/h5>\n<p>Esta Pol\u00edtica confere um compromisso para o cumprimento dos objetivos da qualidade e promo\u00e7\u00e3o da melhoria do desempenho do SGQ, sendo revista periodicamente para garantir a manuten\u00e7\u00e3o da sua adequabilidade ao contexto e atividades da IRMEL (Conce\u00e7\u00e3o, Desenvolvimento e Fabrico de Moldes para Inje\u00e7\u00e3o de Termopl\u00e1sticos), apostando na satisfa\u00e7\u00e3o dos clientes\/<em>stakeholders<\/em> atrav\u00e9s do respeito pelos compromissos assumidos (especifica\u00e7\u00f5es, prazos), qualifica\u00e7\u00e3o dos RH e utiliza\u00e7\u00e3o eficiente de recursos.<\/p>\n<p>&nbsp;<\/p>\n<p>A empresa Irm\u00e3os Melo, Lda. foi distinguida pelo IAPMEI, pela qualidade do seu desempenho e perfil de risco, como PME L\u00edder 2018.<\/p>\n<table border=\"0px\" align=\"center\">\n<tbody>\n<tr>\n<td align=\"center\">Certificado:<a href=\"https:\/\/www.irmel.pt\/wp-content\/uploads\/2019\/04\/Diploma_PMELider18.pdf\" target=\"_blank\" rel=\"noopener noreferrer\"><img loading=\"lazy\" src=\"http:\/\/www.irmel.pt\/wp-content\/uploads\/2016\/01\/pdf.png\" alt=\"pdf\" width=\"40\" height=\"40\" \/><\/a><\/td>\n<td align=\"center\"><a href=\"https:\/\/www.irmel.pt\/wp-content\/uploads\/2019\/04\/Diploma_PMELider18.pdf\" target=\"_blank\" rel=\"noopener noreferrer\"><img loading=\"lazy\" src=\"https:\/\/www.irmel.pt\/wp-content\/uploads\/2019\/04\/PME_Lider.png\" alt=\"\" width=\"120\" height=\"144\" \/><\/a><\/td>\n<\/tr>\n<\/tbody>\n<\/table>\n<p>&nbsp;<\/p>\n\n","protected":false},"excerpt":{"rendered":"<p>A Irm\u00e3os Melo, Lda. encontra-se certificada pela SGS, de acordo com a Norma NP EN ISO 9001:2015 no \u00e2mbito (Conce\u00e7\u00e3o e Fabrico de Moldes para Inje\u00e7\u00e3o de Termopl\u00e1sticos), o que reflete a preocupa\u00e7\u00e3o da empresa em garantir que os processos inerentes \u00e0 sua atividade contribuam para a obten\u00e7\u00e3o de produtos finais de alta qualidade e [&hellip;]<\/p>\n","protected":false},"author":1,"featured_media":0,"parent":0,"menu_order":0,"comment_status":"closed","ping_status":"closed","template":"","meta":[],"_links":{"self":[{"href":"https:\/\/www.irmel.pt\/fr\/wp-json\/wp\/v2\/pages\/597"}],"collection":[{"href":"https:\/\/www.irmel.pt\/fr\/wp-json\/wp\/v2\/pages"}],"about":[{"href":"https:\/\/www.irmel.pt\/fr\/wp-json\/wp\/v2\/types\/page"}],"author":[{"embeddable":true,"href":"https:\/\/www.irmel.pt\/fr\/wp-json\/wp\/v2\/users\/1"}],"replies":[{"embeddable":true,"href":"https:\/\/www.irmel.pt\/fr\/wp-json\/wp\/v2\/comments?post=597"}],"version-history":[{"count":112,"href":"https:\/\/www.irmel.pt\/fr\/wp-json\/wp\/v2\/pages\/597\/revisions"}],"predecessor-version":[{"id":944,"href":"https:\/\/www.irmel.pt\/fr\/wp-json\/wp\/v2\/pages\/597\/revisions\/944"}],"wp:attachment":[{"href":"https:\/\/www.irmel.pt\/fr\/wp-json\/wp\/v2\/media?parent=597"}],"curies":[{"name":"wp","href":"https:\/\/api.w.org\/{rel}","templated":true}]}}