{"id":54,"date":"2012-05-24T15:42:13","date_gmt":"2012-05-24T15:42:13","guid":{"rendered":"http:\/\/irmel.pt\/site\/?page_id=54"},"modified":"2015-04-30T13:54:06","modified_gmt":"2015-04-30T13:54:06","slug":"produtos","status":"publish","type":"page","link":"https:\/\/www.irmel.pt\/fr\/produtos\/","title":{"rendered":"Produits"},"content":{"rendered":"<p><\/p>\n<p style=\"text-align: justify;\">La soci\u00e9t\u00e9 poss\u00e8de le savoir-faire et l\u00b4exp\u00e9rience pour assurer toujours la meilleure r\u00e9ponse \u00e0 leurs clients.<\/p>\n<p style=\"text-align: justify;\">Nous sommes dans des branches aussi diverses et exigeantes que le secteur de l\u00b4industrie \u00e9lectrique et \u00e9lectronique automobile ou les applications domestiques.<\/p>\n<table>\n<tbody>\n<tr>\n<td>\n<h3>Emballage<\/h3>\n<p><div id=\"metaslider-id-488\" style=\"max-width: 300px;\" class=\"ml-slider-3-97-0 metaslider metaslider-nivo metaslider-488 ml-slider ms-theme-default\" role=\"region\" aria-roledescription=\"Slideshow\" aria-label=\"Embalagem\" data-width=\"300\">\n    <div id=\"metaslider_container_488\">\n        <div class='slider-wrapper theme-default'><div class='ribbon'><\/div><div id='metaslider_488' class='nivoSlider'><a href=\"http:\/\/www.irmel.pt\/wp-content\/uploads\/2012\/12\/caixa.jpg\" target=\"_blank\"><img src=\"https:\/\/www.irmel.pt\/wp-content\/uploads\/2012\/12\/caixa-300x250.jpg\" height=\"250\" width=\"300\" alt=\"\" class=\"slider-488 slide-312\" \/><\/a><a href=\"http:\/\/www.irmel.pt\/wp-content\/uploads\/2012\/12\/caixa-plastica-cp-23-tal-tap-branca-2.jpg\" target=\"_blank\"><img src=\"https:\/\/www.irmel.pt\/wp-content\/uploads\/2012\/12\/caixa-plastica-cp-23-tal-tap-branca-2-300x250.jpg\" height=\"250\" width=\"300\" alt=\"\" class=\"slider-488 slide-321\" \/><\/a><a href=\"http:\/\/www.irmel.pt\/wp-content\/uploads\/2012\/12\/Industrial.jpg\" target=\"_blank\"><img src=\"https:\/\/www.irmel.pt\/wp-content\/uploads\/2012\/12\/Industrial-300x250.jpg\" height=\"250\" width=\"300\" alt=\"\" class=\"slider-488 slide-322\" \/><\/a><\/div><\/div>\n        \n    <\/div>\n<\/div><\/td>\n<td>\n<h3>Meubles en Plastique<\/h3>\n<p><div id=\"metaslider-id-491\" style=\"max-width: 300px;\" class=\"ml-slider-3-97-0 metaslider metaslider-nivo metaslider-491 ml-slider ms-theme-default\" role=\"region\" aria-roledescription=\"Slideshow\" aria-label=\"MPlastico\" data-width=\"300\">\n    <div id=\"metaslider_container_491\">\n        <div class='slider-wrapper theme-default'><div class='ribbon'><\/div><div id='metaslider_491' class='nivoSlider'><a href=\"http:\/\/www.irmel.pt\/wp-content\/uploads\/2012\/12\/plastic-chair.jpg\" target=\"_blank\"><img src=\"https:\/\/www.irmel.pt\/wp-content\/uploads\/2012\/12\/plastic-chair-300x250.jpg\" height=\"250\" width=\"300\" alt=\"\" class=\"slider-491 slide-317\" \/><\/a><a href=\"http:\/\/www.irmel.pt\/wp-content\/uploads\/2012\/12\/Plastic-furniture.jpg\" target=\"_blank\"><img src=\"https:\/\/www.irmel.pt\/wp-content\/uploads\/2012\/12\/Plastic-furniture-300x250.jpg\" height=\"250\" width=\"300\" alt=\"\" class=\"slider-491 slide-315\" \/><\/a><\/div><\/div>\n        \n    <\/div>\n<\/div><\/td>\n<td>\n<h3>Industrie Automobile<\/h3>\n<p><div id=\"metaslider-id-492\" style=\"max-width: 300px;\" class=\"ml-slider-3-97-0 metaslider metaslider-nivo metaslider-492 ml-slider ms-theme-default\" role=\"region\" aria-roledescription=\"Slideshow\" aria-label=\"RAuto\" data-width=\"300\">\n    <div id=\"metaslider_container_492\">\n        <div class='slider-wrapper theme-default'><div class='ribbon'><\/div><div id='metaslider_492' class='nivoSlider'><a href=\"http:\/\/www.irmel.pt\/wp-content\/uploads\/2012\/12\/Para-Choques.jpg\" target=\"_blank\"><img src=\"https:\/\/www.irmel.pt\/wp-content\/uploads\/2012\/12\/Para-Choques-300x250.jpg\" height=\"250\" width=\"300\" alt=\"\" class=\"slider-492 slide-320\" \/><\/a><a href=\"http:\/\/www.irmel.pt\/wp-content\/uploads\/2012\/12\/Para-choques-2.jpg\" target=\"_blank\"><img src=\"https:\/\/www.irmel.pt\/wp-content\/uploads\/2012\/12\/Para-choques-2-300x250.jpg\" height=\"250\" width=\"300\" alt=\"\" class=\"slider-492 slide-319\" \/><\/a><a href=\"http:\/\/www.irmel.pt\/wp-content\/uploads\/2012\/05\/Prod02_1.jpg\" target=\"_blank\"><img src=\"https:\/\/www.irmel.pt\/wp-content\/uploads\/2012\/05\/Prod02_1-300x250.jpg\" height=\"250\" width=\"300\" alt=\"\" class=\"slider-492 slide-188\" \/><\/a><\/div><\/div>\n        \n    <\/div>\n<\/div><\/td>\n<\/tr>\n<\/tbody>\n<\/table>\n<p><\/p>","protected":false},"excerpt":{"rendered":"<p>La soci\u00e9t\u00e9 poss\u00e8de le savoir-faire et l\u00b4exp\u00e9rience pour assurer toujours la meilleure r\u00e9ponse \u00e0 leurs clients. Nous sommes dans des branches aussi diverses et exigeantes que le secteur de l\u00b4industrie \u00e9lectrique et \u00e9lectronique automobile ou les applications domestiques. Emballage Meubles en Plastique Industrie Automobile<\/p>\n","protected":false},"author":2,"featured_media":0,"parent":0,"menu_order":3,"comment_status":"closed","ping_status":"closed","template":"","meta":[],"_links":{"self":[{"href":"https:\/\/www.irmel.pt\/fr\/wp-json\/wp\/v2\/pages\/54"}],"collection":[{"href":"https:\/\/www.irmel.pt\/fr\/wp-json\/wp\/v2\/pages"}],"about":[{"href":"https:\/\/www.irmel.pt\/fr\/wp-json\/wp\/v2\/types\/page"}],"author":[{"embeddable":true,"href":"https:\/\/www.irmel.pt\/fr\/wp-json\/wp\/v2\/users\/2"}],"replies":[{"embeddable":true,"href":"https:\/\/www.irmel.pt\/fr\/wp-json\/wp\/v2\/comments?post=54"}],"version-history":[{"count":40,"href":"https:\/\/www.irmel.pt\/fr\/wp-json\/wp\/v2\/pages\/54\/revisions"}],"predecessor-version":[{"id":131,"href":"https:\/\/www.irmel.pt\/fr\/wp-json\/wp\/v2\/pages\/54\/revisions\/131"}],"wp:attachment":[{"href":"https:\/\/www.irmel.pt\/fr\/wp-json\/wp\/v2\/media?parent=54"}],"curies":[{"name":"wp","href":"https:\/\/api.w.org\/{rel}","templated":true}]}}