{"id":52,"date":"2012-05-24T15:41:44","date_gmt":"2012-05-24T15:41:44","guid":{"rendered":"http:\/\/irmel.pt\/site\/?page_id=52"},"modified":"2018-05-25T16:22:19","modified_gmt":"2018-05-25T16:22:19","slug":"servicos","status":"publish","type":"page","link":"https:\/\/www.irmel.pt\/fr\/servicos\/","title":{"rendered":"\u00c9quipement"},"content":{"rendered":"<p><strong>Capacit\u00e9 de Production<\/strong><\/p>\n<p style=\"text-align: justify;\">Irm\u00e3os Melo,Lda. Peut fabriquer des moules avec une dimension maximale de 1800mmx1400mmx1200mm jusqu \u00e1 30 tonnes.<\/p>\n<p><strong>\u00c9quipement<\/strong><\/p>\n<p style=\"padding-left: 30px;\">3 centres d\u00b4usinage CNC<\/p>\n<p style=\"padding-left: 30px;\">2 machines CNC<\/p>\n<p style=\"padding-left: 30px;\">5 machines d\u00b4\u00e9lectro\u00e9rosion<\/p>\n<p style=\"padding-left: 30px;\">7 machines d\u00b4injection<\/p>\n<p style=\"padding-left: 30px;\">1 machine d\u00b4al\u00e9sage<\/p>\n<p style=\"padding-left: 30px;\">1 machine \u00e1 tour<\/p>\n<p><div><div class=\"slider-wrapper theme-default\"><div class=\"ribbon\"><\/div><div class=\"nivoSlider\" id=\"slider-3\"><img class=\"\" src=\"https:\/\/www.irmel.pt\/wp-content\/uploads\/2012\/12\/banner03-980x330.jpg\"  data-thumb=\"https:\/\/www.irmel.pt\/wp-content\/uploads\/2012\/12\/banner03-980x330.jpg\" \/><img class=\"\" src=\"https:\/\/www.irmel.pt\/wp-content\/uploads\/2012\/12\/tooling-980x330.jpg\"  data-thumb=\"https:\/\/www.irmel.pt\/wp-content\/uploads\/2012\/12\/tooling-980x330.jpg\"  style=\"display:none\" \/><\/div><\/div><\/div><\/p>","protected":false},"excerpt":{"rendered":"<p>Capacit\u00e9 de Production Irm\u00e3os Melo,Lda. Peut fabriquer des moules avec une dimension maximale de 1800mmx1400mmx1200mm jusqu \u00e1 30 tonnes. \u00c9quipement 3 centres d\u00b4usinage CNC 2 machines CNC 5 machines d\u00b4\u00e9lectro\u00e9rosion 7 machines d\u00b4injection 1 machine d\u00b4al\u00e9sage 1 machine \u00e1 tour<\/p>\n","protected":false},"author":2,"featured_media":0,"parent":0,"menu_order":2,"comment_status":"closed","ping_status":"closed","template":"","meta":[],"_links":{"self":[{"href":"https:\/\/www.irmel.pt\/fr\/wp-json\/wp\/v2\/pages\/52"}],"collection":[{"href":"https:\/\/www.irmel.pt\/fr\/wp-json\/wp\/v2\/pages"}],"about":[{"href":"https:\/\/www.irmel.pt\/fr\/wp-json\/wp\/v2\/types\/page"}],"author":[{"embeddable":true,"href":"https:\/\/www.irmel.pt\/fr\/wp-json\/wp\/v2\/users\/2"}],"replies":[{"embeddable":true,"href":"https:\/\/www.irmel.pt\/fr\/wp-json\/wp\/v2\/comments?post=52"}],"version-history":[{"count":23,"href":"https:\/\/www.irmel.pt\/fr\/wp-json\/wp\/v2\/pages\/52\/revisions"}],"predecessor-version":[{"id":747,"href":"https:\/\/www.irmel.pt\/fr\/wp-json\/wp\/v2\/pages\/52\/revisions\/747"}],"wp:attachment":[{"href":"https:\/\/www.irmel.pt\/fr\/wp-json\/wp\/v2\/media?parent=52"}],"curies":[{"name":"wp","href":"https:\/\/api.w.org\/{rel}","templated":true}]}}