{"id":301,"date":"2012-12-05T10:27:53","date_gmt":"2012-12-05T10:27:53","guid":{"rendered":"http:\/\/www.irmel.pt\/site\/?page_id=301"},"modified":"2015-04-29T17:15:05","modified_gmt":"2015-04-29T17:15:05","slug":"servicos-2","status":"publish","type":"page","link":"https:\/\/www.irmel.pt\/fr\/servicos-2\/","title":{"rendered":"Services"},"content":{"rendered":"<p><\/p>\n<p style=\"text-align: justify;\">Irm\u00e3os Melo,Lda. Dispose d\u00b4un espace de l\u00b4usine d\u00b4environ 2.000m2 qui se d\u00e9roule un ensamble de services qui englobent la conception,la fabrication et le service apr\u00e8s-vente et de reparation des moules.<\/p>\n<p style=\"text-align: justify;\">\u00c0 une epoque o\u00f9 les delais sont une exigence de plus en plus,Irm\u00e3os Melo,Lda. Combine la technologie avec des professionnels exp\u00e9riment\u00e9s et des m\u00e9thodologies innovantes travail \u00e9tant ansi en mesure d\u00b4optimiser l\u00b4ensamble du processus de fabrication.<\/p>\n<p><div><div class=\"slider-wrapper theme-default\"><div class=\"ribbon\"><\/div><div class=\"nivoSlider\" id=\"slider-3\"><img class=\"\" src=\"https:\/\/www.irmel.pt\/wp-content\/uploads\/2012\/12\/dealer-handshake-980x3301.jpg\"  data-thumb=\"https:\/\/www.irmel.pt\/wp-content\/uploads\/2012\/12\/dealer-handshake-980x3301.jpg\" \/><img class=\"\" src=\"https:\/\/www.irmel.pt\/wp-content\/uploads\/2012\/12\/slide5-980x3301.jpg\"  data-thumb=\"https:\/\/www.irmel.pt\/wp-content\/uploads\/2012\/12\/slide5-980x3301.jpg\"  style=\"display:none\" \/><\/div><\/div><\/div><\/p>","protected":false},"excerpt":{"rendered":"<p>Irm\u00e3os Melo,Lda. Dispose d\u00b4un espace de l\u00b4usine d\u00b4environ 2.000m2 qui se d\u00e9roule un ensamble de services qui englobent la conception,la fabrication et le service apr\u00e8s-vente et de reparation des moules. \u00c0 une epoque o\u00f9 les delais sont une exigence de plus en plus,Irm\u00e3os Melo,Lda. Combine la technologie avec des professionnels exp\u00e9riment\u00e9s et des m\u00e9thodologies innovantes [&hellip;]<\/p>\n","protected":false},"author":2,"featured_media":0,"parent":0,"menu_order":1,"comment_status":"closed","ping_status":"closed","template":"","meta":[],"_links":{"self":[{"href":"https:\/\/www.irmel.pt\/fr\/wp-json\/wp\/v2\/pages\/301"}],"collection":[{"href":"https:\/\/www.irmel.pt\/fr\/wp-json\/wp\/v2\/pages"}],"about":[{"href":"https:\/\/www.irmel.pt\/fr\/wp-json\/wp\/v2\/types\/page"}],"author":[{"embeddable":true,"href":"https:\/\/www.irmel.pt\/fr\/wp-json\/wp\/v2\/users\/2"}],"replies":[{"embeddable":true,"href":"https:\/\/www.irmel.pt\/fr\/wp-json\/wp\/v2\/comments?post=301"}],"version-history":[{"count":13,"href":"https:\/\/www.irmel.pt\/fr\/wp-json\/wp\/v2\/pages\/301\/revisions"}],"predecessor-version":[{"id":745,"href":"https:\/\/www.irmel.pt\/fr\/wp-json\/wp\/v2\/pages\/301\/revisions\/745"}],"wp:attachment":[{"href":"https:\/\/www.irmel.pt\/fr\/wp-json\/wp\/v2\/media?parent=301"}],"curies":[{"name":"wp","href":"https:\/\/api.w.org\/{rel}","templated":true}]}}